{"id":13,"date":"2026-04-13T05:21:58","date_gmt":"2026-04-13T05:21:58","guid":{"rendered":"https:\/\/tt88k.org\/?page_id=13"},"modified":"2026-04-13T05:59:11","modified_gmt":"2026-04-13T05:59:11","slug":"tt88","status":"publish","type":"page","link":"https:\/\/tt88k.org\/","title":{"rendered":"TT88"},"content":{"rendered":"\t<div class=\"img has-hover x md-x lg-x y md-y lg-y\" id=\"image_211677811\">\n\t\t\t\t\t\t\t\t<div class=\"img-inner dark\" >\n\t\t\t<img loading=\"lazy\" decoding=\"async\" width=\"1920\" height=\"600\" src=\"https:\/\/tt88k.org\/wp-content\/uploads\/2026\/04\/doc_2026-04-13_12-23-27.webp\" class=\"attachment-original size-original\" alt=\"BANNER TT88\" srcset=\"https:\/\/tt88k.org\/wp-content\/uploads\/2026\/04\/doc_2026-04-13_12-23-27.webp 1920w, https:\/\/tt88k.org\/wp-content\/uploads\/2026\/04\/doc_2026-04-13_12-23-27-300x94.webp 300w, https:\/\/tt88k.org\/wp-content\/uploads\/2026\/04\/doc_2026-04-13_12-23-27-1024x320.webp 1024w, https:\/\/tt88k.org\/wp-content\/uploads\/2026\/04\/doc_2026-04-13_12-23-27-768x240.webp 768w, https:\/\/tt88k.org\/wp-content\/uploads\/2026\/04\/doc_2026-04-13_12-23-27-1536x480.webp 1536w\" sizes=\"auto, (max-width: 1920px) 100vw, 1920px\" \/>\t\t\t\t\t\t\n\t\t\t\t\t<\/div>\n\t\t\t\t\t\t\t\t\n<style>\n#image_211677811 {\n  width: 100%;\n}\n<\/style>\n\t<\/div>\n\t\n\n\t<section class=\"section\" id=\"section_105171547\">\n\t\t<div class=\"section-bg fill\" >\n\t\t\t\t\t\t\t\t\t\n\t\t\t\n\n\t\t<\/div>\n\n\t\t\n\n\t\t<div class=\"section-content relative\">\n\t\t\t\n<div class=\"row\"  id=\"row-1273423550\">\n\n\t<div id=\"col-1637006028\" class=\"col small-12 large-12\"  >\n\t\t\t\t<div class=\"col-inner\"  >\n\t\t\t\n\t\t\t\n<h1 style=\"text-align: center;\"><strong>TT88 | NH\u00c0 C\u00c1I TT88.COM UY T\u00cdN &#8211; C\u00c1 C\u01af\u1ee2C KH\u00d4NG GI\u1edaI H\u1ea0N<\/strong><\/h1>\n\t\t<\/div>\n\t\t\t\t\t<\/div>\n\n\t\n<\/div>\n\t\t<\/div>\n\n\t\t\n<style>\n#section_105171547 {\n  padding-top: 30px;\n  padding-bottom: 30px;\n}\n<\/style>\n\t<\/section>\n\t\n","protected":false},"excerpt":{"rendered":"","protected":false},"author":1,"featured_media":0,"parent":0,"menu_order":0,"comment_status":"closed","ping_status":"closed","template":"page-blank.php","meta":{"footnotes":""},"class_list":["post-13","page","type-page","status-publish","hentry"],"_links":{"self":[{"href":"https:\/\/tt88k.org\/index.php\/wp-json\/wp\/v2\/pages\/13","targetHints":{"allow":["GET"]}}],"collection":[{"href":"https:\/\/tt88k.org\/index.php\/wp-json\/wp\/v2\/pages"}],"about":[{"href":"https:\/\/tt88k.org\/index.php\/wp-json\/wp\/v2\/types\/page"}],"author":[{"embeddable":true,"href":"https:\/\/tt88k.org\/index.php\/wp-json\/wp\/v2\/users\/1"}],"replies":[{"embeddable":true,"href":"https:\/\/tt88k.org\/index.php\/wp-json\/wp\/v2\/comments?post=13"}],"version-history":[{"count":2,"href":"https:\/\/tt88k.org\/index.php\/wp-json\/wp\/v2\/pages\/13\/revisions"}],"predecessor-version":[{"id":27,"href":"https:\/\/tt88k.org\/index.php\/wp-json\/wp\/v2\/pages\/13\/revisions\/27"}],"wp:attachment":[{"href":"https:\/\/tt88k.org\/index.php\/wp-json\/wp\/v2\/media?parent=13"}],"curies":[{"name":"wp","href":"https:\/\/api.w.org\/{rel}","templated":true}]}}